{"id":1346,"date":"2021-03-04T19:20:27","date_gmt":"2021-03-04T17:20:27","guid":{"rendered":"https:\/\/sari.cc\/student-registration\/"},"modified":"2023-07-23T14:26:31","modified_gmt":"2023-07-23T12:26:31","slug":"student-registration","status":"publish","type":"page","link":"https:\/\/sari.cc\/fi\/student-registration\/","title":{"rendered":"Opiskelijarekister\u00f6inti"},"content":{"rendered":"<p><a href=\"https:\/\/www.facebook.com\/\" target=\"_blank\" rel=\"noopener\">Link<\/a><\/p>\n\n<p>[tutor_student_registration-form]<\/p>\n\n\n\n<p>T\u00e4m\u00e4 sivu on vain sp\u00e4mmibotteja varten.<\/p>\n\n\n\n<div data-block-name=\"woocommerce\/single-product\" data-product-id=\"2013\" data-wp-context=\"{&quot;productId&quot;:2013,&quot;variationId&quot;:null}\" data-wp-interactive=\"woocommerce\/single-product\" class=\"wp-block-woocommerce-single-product\">\n<div class=\"wp-block-columns is-layout-flex wp-container-core-columns-is-layout-28f84493 wp-block-columns-is-layout-flex\">\n<div class=\"wp-block-column is-layout-flow wp-block-column-is-layout-flow\">\n<div class=\"wp-block-cover alignfull is-light\"><span aria-hidden=\"true\" class=\"wp-block-cover__background has-background-dim\"><\/span><img fetchpriority=\"high\" decoding=\"async\" width=\"1200\" height=\"630\" class=\"wp-block-cover__image-background wp-image-2068\" alt=\"Verkkokurssi\" src=\"https:\/\/sari.cc\/wp-content\/uploads\/2023\/07\/verkkokurssi-cc.jpg\" data-object-fit=\"cover\" srcset=\"https:\/\/sari.cc\/wp-content\/uploads\/2023\/07\/verkkokurssi-cc.jpg 1200w, https:\/\/sari.cc\/wp-content\/uploads\/2023\/07\/verkkokurssi-cc-300x158.jpg 300w, https:\/\/sari.cc\/wp-content\/uploads\/2023\/07\/verkkokurssi-cc-1024x538.jpg 1024w, https:\/\/sari.cc\/wp-content\/uploads\/2023\/07\/verkkokurssi-cc-768x403.jpg 768w, https:\/\/sari.cc\/wp-content\/uploads\/2023\/07\/verkkokurssi-cc-18x9.jpg 18w, https:\/\/sari.cc\/wp-content\/uploads\/2023\/07\/verkkokurssi-cc-600x315.jpg 600w\" sizes=\"(max-width: 1200px) 100vw, 1200px\" \/><div class=\"wp-block-cover__inner-container is-layout-flow wp-block-cover-is-layout-flow\">\n<p class=\"has-text-align-center has-large-font-size\"><\/p>\n<\/div><\/div>\n<\/div>\n<\/div>\n<\/div>\n","protected":false},"excerpt":{"rendered":"<p>Link T\u00e4m\u00e4 sivu on vain sp\u00e4mmibotteja varten.<\/p>","protected":false},"author":1,"featured_media":0,"parent":0,"menu_order":0,"comment_status":"closed","ping_status":"closed","template":"","meta":{"site-sidebar-layout":"default","site-content-layout":"","ast-site-content-layout":"default","site-content-style":"default","site-sidebar-style":"default","ast-global-header-display":"","ast-banner-title-visibility":"","ast-main-header-display":"","ast-hfb-above-header-display":"","ast-hfb-below-header-display":"","ast-hfb-mobile-header-display":"","site-post-title":"","ast-breadcrumbs-content":"","ast-featured-img":"","footer-sml-layout":"","ast-disable-related-posts":"","theme-transparent-header-meta":"","adv-header-id-meta":"","stick-header-meta":"","header-above-stick-meta":"","header-main-stick-meta":"","header-below-stick-meta":"","astra-migrate-meta-layouts":"default","ast-page-background-enabled":"default","ast-page-background-meta":{"desktop":{"background-color":"","background-image":"","background-repeat":"repeat","background-position":"center center","background-size":"auto","background-attachment":"scroll","background-type":"","background-media":"","overlay-type":"","overlay-color":"","overlay-opacity":"","overlay-gradient":""},"tablet":{"background-color":"","background-image":"","background-repeat":"repeat","background-position":"center center","background-size":"auto","background-attachment":"scroll","background-type":"","background-media":"","overlay-type":"","overlay-color":"","overlay-opacity":"","overlay-gradient":""},"mobile":{"background-color":"","background-image":"","background-repeat":"repeat","background-position":"center center","background-size":"auto","background-attachment":"scroll","background-type":"","background-media":"","overlay-type":"","overlay-color":"","overlay-opacity":"","overlay-gradient":""}},"ast-content-background-meta":{"desktop":{"background-color":"var(--ast-global-color-5)","background-image":"","background-repeat":"repeat","background-position":"center center","background-size":"auto","background-attachment":"scroll","background-type":"","background-media":"","overlay-type":"","overlay-color":"","overlay-opacity":"","overlay-gradient":""},"tablet":{"background-color":"var(--ast-global-color-5)","background-image":"","background-repeat":"repeat","background-position":"center center","background-size":"auto","background-attachment":"scroll","background-type":"","background-media":"","overlay-type":"","overlay-color":"","overlay-opacity":"","overlay-gradient":""},"mobile":{"background-color":"var(--ast-global-color-5)","background-image":"","background-repeat":"repeat","background-position":"center center","background-size":"auto","background-attachment":"scroll","background-type":"","background-media":"","overlay-type":"","overlay-color":"","overlay-opacity":"","overlay-gradient":""}},"footnotes":""},"class_list":["post-1346","page","type-page","status-publish","hentry"],"_links":{"self":[{"href":"https:\/\/sari.cc\/fi\/wp-json\/wp\/v2\/pages\/1346","targetHints":{"allow":["GET"]}}],"collection":[{"href":"https:\/\/sari.cc\/fi\/wp-json\/wp\/v2\/pages"}],"about":[{"href":"https:\/\/sari.cc\/fi\/wp-json\/wp\/v2\/types\/page"}],"author":[{"embeddable":true,"href":"https:\/\/sari.cc\/fi\/wp-json\/wp\/v2\/users\/1"}],"replies":[{"embeddable":true,"href":"https:\/\/sari.cc\/fi\/wp-json\/wp\/v2\/comments?post=1346"}],"version-history":[{"count":6,"href":"https:\/\/sari.cc\/fi\/wp-json\/wp\/v2\/pages\/1346\/revisions"}],"predecessor-version":[{"id":2099,"href":"https:\/\/sari.cc\/fi\/wp-json\/wp\/v2\/pages\/1346\/revisions\/2099"}],"wp:attachment":[{"href":"https:\/\/sari.cc\/fi\/wp-json\/wp\/v2\/media?parent=1346"}],"curies":[{"name":"wp","href":"https:\/\/api.w.org\/{rel}","templated":true}]}}