{"id":2077,"date":"2023-07-23T13:44:52","date_gmt":"2023-07-23T11:44:52","guid":{"rendered":"https:\/\/sari.cc\/?page_id=2077"},"modified":"2023-07-23T13:45:10","modified_gmt":"2023-07-23T11:45:10","slug":"opiskelijarekistrointi","status":"publish","type":"page","link":"https:\/\/sari.cc\/fi\/opiskelijarekistrointi\/","title":{"rendered":"Opiskelijarekistr\u00f6inti"},"content":{"rendered":"<div id=\"tutor-registration-wrap\">\n\n\t\t\n\t\t<form method=\"post\" enctype=\"multipart\/form-data\" id=\"tutor-registration-form\" action=\"\">\n\t\t\t<input type=\"hidden\" name=\"tutor_course_enroll_attempt\" value=\"\">\n\t\t\t\n\t\t\t<input type=\"hidden\" id=\"_tutor_nonce\" name=\"_tutor_nonce\" value=\"b94fd8a801\" \/><input type=\"hidden\" name=\"_wp_http_referer\" value=\"\/fi\/wp-json\/wp\/v2\/pages\/2077\" \/>\t\t\t<input type=\"hidden\" value=\"tutor_register_student\" name=\"tutor_action\"\/>\n\n\t\t\t\n\t\t\t<div class=\"tutor-form-row\">\n\t\t\t\t<div class=\"tutor-form-col-6\">\n\t\t\t\t\t<div class=\"tutor-form-group\">\n\t\t\t\t\t\t<label>\n\t\t\t\t\t\t\tEtunimi\t\t\t\t\t\t<\/label>\n\n\t\t\t\t\t\t<input type=\"text\" name=\"first_name\" value=\"\" placeholder=\"Etunimi\" required autocomplete=\"given-name\">\n\t\t\t\t\t<\/div>\n\t\t\t\t<\/div>\n\n\t\t\t\t<div class=\"tutor-form-col-6\">\n\t\t\t\t\t<div class=\"tutor-form-group\">\n\t\t\t\t\t\t<label>\n\t\t\t\t\t\t\tSukunimi\t\t\t\t\t\t<\/label>\n\n\t\t\t\t\t\t<input type=\"text\" name=\"last_name\" value=\"\" placeholder=\"Sukunimi\" required autocomplete=\"family-name\">\n\t\t\t\t\t<\/div>\n\t\t\t\t<\/div>\n\n\t\t\t<\/div>\n\n\t\t\t<div class=\"tutor-form-row\">\n\t\t\t\t<div class=\"tutor-form-col-6\">\n\t\t\t\t\t<div class=\"tutor-form-group\">\n\t\t\t\t\t\t<label>\n\t\t\t\t\t\t\tK\u00e4ytt\u00e4j\u00e4n nimi\t\t\t\t\t\t<\/label>\n\n\t\t\t\t\t\t<input type=\"text\" name=\"user_login\" class=\"tutor_user_name\" value=\"\" placeholder=\"K\u00e4ytt\u00e4j\u00e4n nimi\" required autocomplete=\"username\">\n\t\t\t\t\t<\/div>\n\t\t\t\t<\/div>\n\n\t\t\t\t<div class=\"tutor-form-col-6\">\n\t\t\t\t\t<div class=\"tutor-form-group\">\n\t\t\t\t\t\t<label>\n\t\t\t\t\t\t\tS\u00e4hk\u00f6posti\t\t\t\t\t\t<\/label>\n\n\t\t\t\t\t\t<input type=\"text\" name=\"email\" value=\"\" placeholder=\"S\u00e4hk\u00f6posti\" required autocomplete=\"email\">\n\t\t\t\t\t<\/div>\n\t\t\t\t<\/div>\n\n\t\t\t<\/div>\n\n\t\t\t<div class=\"tutor-form-row\">\n\t\t\t\t<div class=\"tutor-form-col-6\">\n\t\t\t\t\t<div class=\"tutor-form-group\">\n\t\t\t\t\t\t<div class=\"tutor-password-strength-checker\">\n\t\t\t\t\t\t\t<div class=\"tutor-password-field\">\n\t\t\t\t\t\t\t\t<label>\n\t\t\t\t\t\t\t\t\tSalasana\t\t\t\t\t\t\t\t<\/label>\n\n\t\t\t\t\t\t\t\t<input class=\"password-checker\" id=\"tutor-new-password\" type=\"password\" name=\"password\" value=\"\" placeholder=\"Salasana\" required autocomplete=\"new-password\" style=\"margin-bottom: 0;\">\n\t\t\t\t\t\t\t\t<span class=\"show-hide-btn\"><\/span>\n\t\t\t\t\t\t\t<\/div>\n\n\t\t\t\t\t\t\t<div class=\"tutor-password-strength-hint\">\n\t\t\t\t\t\t\t\t<div class=\"indicator\">\n\t\t\t\t\t\t\t\t\t<span class=\"weak\"><\/span>\n\t\t\t\t\t\t\t\t\t<span class=\"medium\"><\/span>\n\t\t\t\t\t\t\t\t\t<span class=\"strong\"><\/span>\n\t\t\t\t\t\t\t\t<\/div>\n\t\t\t\t\t\t\t\t<div class=\"text tutor-fs-7 tutor-color-muted\"><\/div>\n\t\t\t\t\t\t\t<\/div>\n\t\t\t\t\t\t<\/div>\n\t\t\t\t\t<\/div>\n\t\t\t\t<\/div>\n\n\t\t\t\t<div class=\"tutor-form-col-6\">\n\t\t\t\t\t<div class=\"tutor-form-group\">\n\t\t\t\t\t\t<label>\n\t\t\t\t\t\t\tSalasanan vahvistus\t\t\t\t\t\t<\/label>\n\n\t\t\t\t\t\t<div class=\"tutor-form-wrap\">\n\t\t\t\t\t\t\t<span class=\"tutor-validation-icon tutor-icon-mark tutor-color-success tutor-form-icon tutor-form-icon-reverse\" style=\"display: none;\"><\/span>\n\t\t\t\t\t\t\t<input type=\"password\" name=\"password_confirmation\" value=\"\" placeholder=\"Salasanan vahvistus\" required autocomplete=\"new-password\" style=\"margin-bottom: 0;\">\n\t\t\t\t\t\t<\/div>\n\t\t\t\t\t<\/div>\n\t\t\t\t<\/div>\n\t\t\t<\/div>\n\n\n\t\t\t<div class=\"tutor-form-row\">\n\t\t\t\t<div class=\"tutor-form-col-12\">\n\t\t\t\t\t<div class=\"tutor-form-group\">\n\t\t\t\t\t<input type=\"hidden\" id=\"wpa_initiator\" class=\"wpa_initiator\" name=\"wpa_initiator\" value=\"\" \/>\t\t\t\t\t<\/div>\n\t\t\t\t<\/div>\n\t\t\t<\/div>    \n\n\t\t\t\n\t\t\t\t\t\t\t\t\t\t<div class=\"tutor-mb-24\">\n\t\t\t\t\tRekister\u00f6itym\u00e4ll\u00e4, hyv\u00e4ksyn verkkosivuston <a target=\"_blank\" href=\"https:\/\/sari.cc\/fi\/terms-and-conditions\/\" title=\"K\u00e4ytt\u00f6ehdot\">K\u00e4ytt\u00f6ehdot<\/a>\n\t\t\t\t<\/div>\n\t\t\t\n\t\t\t<div>\n\t\t\t\t<button type=\"submit\" name=\"tutor_register_student_btn\" value=\"register\" class=\"tutor-btn tutor-btn-primary tutor-btn-block\">Rekister\u00f6idy<\/button>\n\t\t\t<\/div>\n\t\t\t\t\t\t\n\t\t<input type=\"hidden\" name=\"trp-form-language\" value=\"fi\"\/><\/form>\n\t\t\t\t\n\t<\/div>","protected":false},"excerpt":{"rendered":"<p>Etunimi Sukunimi K\u00e4ytt\u00e4j\u00e4n nimi S\u00e4hk\u00f6posti Salasana Salasanan vahvistus Rekister\u00f6itym\u00e4ll\u00e4, hyv\u00e4ksyn verkkosivuston K\u00e4ytt\u00f6ehdot Rekister\u00f6idy<\/p>","protected":false},"author":1,"featured_media":0,"parent":0,"menu_order":0,"comment_status":"closed","ping_status":"closed","template":"","meta":{"site-sidebar-layout":"default","site-content-layout":"","ast-site-content-layout":"default","site-content-style":"default","site-sidebar-style":"default","ast-global-header-display":"","ast-banner-title-visibility":"","ast-main-header-display":"","ast-hfb-above-header-display":"","ast-hfb-below-header-display":"","ast-hfb-mobile-header-display":"","site-post-title":"","ast-breadcrumbs-content":"","ast-featured-img":"","footer-sml-layout":"","ast-disable-related-posts":"","theme-transparent-header-meta":"","adv-header-id-meta":"","stick-header-meta":"","header-above-stick-meta":"","header-main-stick-meta":"","header-below-stick-meta":"","astra-migrate-meta-layouts":"default","ast-page-background-enabled":"default","ast-page-background-meta":{"desktop":{"background-color":"","background-image":"","background-repeat":"repeat","background-position":"center center","background-size":"auto","background-attachment":"scroll","background-type":"","background-media":"","overlay-type":"","overlay-color":"","overlay-opacity":"","overlay-gradient":""},"tablet":{"background-color":"","background-image":"","background-repeat":"repeat","background-position":"center center","background-size":"auto","background-attachment":"scroll","background-type":"","background-media":"","overlay-type":"","overlay-color":"","overlay-opacity":"","overlay-gradient":""},"mobile":{"background-color":"","background-image":"","background-repeat":"repeat","background-position":"center center","background-size":"auto","background-attachment":"scroll","background-type":"","background-media":"","overlay-type":"","overlay-color":"","overlay-opacity":"","overlay-gradient":""}},"ast-content-background-meta":{"desktop":{"background-color":"var(--ast-global-color-5)","background-image":"","background-repeat":"repeat","background-position":"center center","background-size":"auto","background-attachment":"scroll","background-type":"","background-media":"","overlay-type":"","overlay-color":"","overlay-opacity":"","overlay-gradient":""},"tablet":{"background-color":"var(--ast-global-color-5)","background-image":"","background-repeat":"repeat","background-position":"center center","background-size":"auto","background-attachment":"scroll","background-type":"","background-media":"","overlay-type":"","overlay-color":"","overlay-opacity":"","overlay-gradient":""},"mobile":{"background-color":"var(--ast-global-color-5)","background-image":"","background-repeat":"repeat","background-position":"center center","background-size":"auto","background-attachment":"scroll","background-type":"","background-media":"","overlay-type":"","overlay-color":"","overlay-opacity":"","overlay-gradient":""}},"footnotes":""},"class_list":["post-2077","page","type-page","status-publish","hentry"],"_links":{"self":[{"href":"https:\/\/sari.cc\/fi\/wp-json\/wp\/v2\/pages\/2077","targetHints":{"allow":["GET"]}}],"collection":[{"href":"https:\/\/sari.cc\/fi\/wp-json\/wp\/v2\/pages"}],"about":[{"href":"https:\/\/sari.cc\/fi\/wp-json\/wp\/v2\/types\/page"}],"author":[{"embeddable":true,"href":"https:\/\/sari.cc\/fi\/wp-json\/wp\/v2\/users\/1"}],"replies":[{"embeddable":true,"href":"https:\/\/sari.cc\/fi\/wp-json\/wp\/v2\/comments?post=2077"}],"version-history":[{"count":1,"href":"https:\/\/sari.cc\/fi\/wp-json\/wp\/v2\/pages\/2077\/revisions"}],"predecessor-version":[{"id":2078,"href":"https:\/\/sari.cc\/fi\/wp-json\/wp\/v2\/pages\/2077\/revisions\/2078"}],"wp:attachment":[{"href":"https:\/\/sari.cc\/fi\/wp-json\/wp\/v2\/media?parent=2077"}],"curies":[{"name":"wp","href":"https:\/\/api.w.org\/{rel}","templated":true}]}}